{"id":5,"date":"2025-12-18T23:30:19","date_gmt":"2025-12-18T20:30:19","guid":{"rendered":"https:\/\/tattoolivapiercing.com\/?page_id=5"},"modified":"2026-03-11T19:09:59","modified_gmt":"2026-03-11T16:09:59","slug":"tattoo-liva-piercing-2","status":"publish","type":"page","link":"https:\/\/tattoolivapiercing.com\/","title":{"rendered":"ANASAYFA"},"content":{"rendered":"\n\n\n\n\n\n\n\n\n\n\n\n","protected":false},"excerpt":{"rendered":"","protected":false},"author":1,"featured_media":0,"parent":0,"menu_order":0,"comment_status":"closed","ping_status":"closed","template":"","meta":{"saved_in_kubio":true,"footnotes":""},"class_list":["post-5","page","type-page","status-publish","hentry"],"kubio_ai_page_context":{"short_desc":"","purpose":"general","isFrontPage":true},"yoast_head":"<!-- This site is optimized with the Yoast SEO plugin v27.4 - https:\/\/yoast.com\/product\/yoast-seo-wordpress\/ -->\n<title>\u0130stanbul D\u00f6vme &amp; Piercing St\u00fcdyosu | Tattoo Liva Piercing<\/title>\n<meta name=\"description\" content=\"\u0130stanbul\u2019da profesyonel d\u00f6vme ve piercing hizmeti. Hijyenik st\u00fcdyo, deneyimli sanat\u00e7\u0131lar ve \u00f6zel tasar\u0131m uygulamalar i\u00e7in Tattoo Liva Piercing\u2019i ke\u015ffedin.\" \/>\n<meta name=\"robots\" content=\"index, follow, max-snippet:-1, max-image-preview:large, max-video-preview:-1\" \/>\n<link rel=\"canonical\" href=\"https:\/\/tattoolivapiercing.com\/\" \/>\n<meta property=\"og:locale\" content=\"tr_TR\" \/>\n<meta property=\"og:type\" content=\"article\" \/>\n<meta property=\"og:title\" content=\"\u0130stanbul D\u00f6vme &amp; Piercing St\u00fcdyosu | Tattoo Liva Piercing\" \/>\n<meta property=\"og:description\" content=\"\u0130stanbul\u2019da profesyonel d\u00f6vme ve piercing hizmeti. Hijyenik st\u00fcdyo, deneyimli sanat\u00e7\u0131lar ve \u00f6zel tasar\u0131m uygulamalar i\u00e7in Tattoo Liva Piercing\u2019i ke\u015ffedin.\" \/>\n<meta property=\"og:url\" content=\"https:\/\/tattoolivapiercing.com\/\" \/>\n<meta property=\"og:site_name\" content=\"Tattoo Liva Piercing\" \/>\n<meta property=\"article:modified_time\" content=\"2026-03-11T16:09:59+00:00\" \/>\n<meta name=\"twitter:card\" content=\"summary_large_image\" \/>\n<meta name=\"twitter:label1\" content=\"Tahmini okuma s\u00fcresi\" \/>\n\t<meta name=\"twitter:data1\" content=\"4 dakika\" \/>\n<script type=\"application\/ld+json\" class=\"yoast-schema-graph\">{\"@context\":\"https:\\\/\\\/schema.org\",\"@graph\":[{\"@type\":\"WebPage\",\"@id\":\"https:\\\/\\\/tattoolivapiercing.com\\\/\",\"url\":\"https:\\\/\\\/tattoolivapiercing.com\\\/\",\"name\":\"\u0130stanbul D\u00f6vme & Piercing St\u00fcdyosu | Tattoo Liva Piercing\",\"isPartOf\":{\"@id\":\"https:\\\/\\\/tattoolivapiercing.com\\\/#website\"},\"datePublished\":\"2025-12-18T20:30:19+00:00\",\"dateModified\":\"2026-03-11T16:09:59+00:00\",\"description\":\"\u0130stanbul\u2019da profesyonel d\u00f6vme ve piercing hizmeti. Hijyenik st\u00fcdyo, deneyimli sanat\u00e7\u0131lar ve \u00f6zel tasar\u0131m uygulamalar i\u00e7in Tattoo Liva Piercing\u2019i ke\u015ffedin.\",\"breadcrumb\":{\"@id\":\"https:\\\/\\\/tattoolivapiercing.com\\\/#breadcrumb\"},\"inLanguage\":\"tr\",\"potentialAction\":[{\"@type\":\"ReadAction\",\"target\":[\"https:\\\/\\\/tattoolivapiercing.com\\\/\"]}]},{\"@type\":\"BreadcrumbList\",\"@id\":\"https:\\\/\\\/tattoolivapiercing.com\\\/#breadcrumb\",\"itemListElement\":[{\"@type\":\"ListItem\",\"position\":1,\"name\":\"Anasayfa\",\"item\":\"https:\\\/\\\/tattoolivapiercing.com\\\/\"},{\"@type\":\"ListItem\",\"position\":2,\"name\":\"ANASAYFA\"}]},{\"@type\":\"WebSite\",\"@id\":\"https:\\\/\\\/tattoolivapiercing.com\\\/#website\",\"url\":\"https:\\\/\\\/tattoolivapiercing.com\\\/\",\"name\":\"Tattoo Liva Piercing\",\"description\":\"\",\"publisher\":{\"@id\":\"https:\\\/\\\/tattoolivapiercing.com\\\/#organization\"},\"potentialAction\":[{\"@type\":\"SearchAction\",\"target\":{\"@type\":\"EntryPoint\",\"urlTemplate\":\"https:\\\/\\\/tattoolivapiercing.com\\\/?s={search_term_string}\"},\"query-input\":{\"@type\":\"PropertyValueSpecification\",\"valueRequired\":true,\"valueName\":\"search_term_string\"}}],\"inLanguage\":\"tr\"},{\"@type\":\"Organization\",\"@id\":\"https:\\\/\\\/tattoolivapiercing.com\\\/#organization\",\"name\":\"Tattoo Liva Piercing\",\"url\":\"https:\\\/\\\/tattoolivapiercing.com\\\/\",\"logo\":{\"@type\":\"ImageObject\",\"inLanguage\":\"tr\",\"@id\":\"https:\\\/\\\/tattoolivapiercing.com\\\/#\\\/schema\\\/logo\\\/image\\\/\",\"url\":\"https:\\\/\\\/tattoolivapiercing.com\\\/wp-content\\\/uploads\\\/2025\\\/12\\\/DFSGDSFGDFSG-Photoroom.png\",\"contentUrl\":\"https:\\\/\\\/tattoolivapiercing.com\\\/wp-content\\\/uploads\\\/2025\\\/12\\\/DFSGDSFGDFSG-Photoroom.png\",\"width\":1280,\"height\":426,\"caption\":\"Tattoo Liva Piercing\"},\"image\":{\"@id\":\"https:\\\/\\\/tattoolivapiercing.com\\\/#\\\/schema\\\/logo\\\/image\\\/\"}}]}<\/script>\n<!-- \/ Yoast SEO plugin. -->","yoast_head_json":{"title":"\u0130stanbul D\u00f6vme & Piercing St\u00fcdyosu | Tattoo Liva Piercing","description":"\u0130stanbul\u2019da profesyonel d\u00f6vme ve piercing hizmeti. Hijyenik st\u00fcdyo, deneyimli sanat\u00e7\u0131lar ve \u00f6zel tasar\u0131m uygulamalar i\u00e7in Tattoo Liva Piercing\u2019i ke\u015ffedin.","robots":{"index":"index","follow":"follow","max-snippet":"max-snippet:-1","max-image-preview":"max-image-preview:large","max-video-preview":"max-video-preview:-1"},"canonical":"https:\/\/tattoolivapiercing.com\/","og_locale":"tr_TR","og_type":"article","og_title":"\u0130stanbul D\u00f6vme & Piercing St\u00fcdyosu | Tattoo Liva Piercing","og_description":"\u0130stanbul\u2019da profesyonel d\u00f6vme ve piercing hizmeti. Hijyenik st\u00fcdyo, deneyimli sanat\u00e7\u0131lar ve \u00f6zel tasar\u0131m uygulamalar i\u00e7in Tattoo Liva Piercing\u2019i ke\u015ffedin.","og_url":"https:\/\/tattoolivapiercing.com\/","og_site_name":"Tattoo Liva Piercing","article_modified_time":"2026-03-11T16:09:59+00:00","twitter_card":"summary_large_image","twitter_misc":{"Tahmini okuma s\u00fcresi":"4 dakika"},"schema":{"@context":"https:\/\/schema.org","@graph":[{"@type":"WebPage","@id":"https:\/\/tattoolivapiercing.com\/","url":"https:\/\/tattoolivapiercing.com\/","name":"\u0130stanbul D\u00f6vme & Piercing St\u00fcdyosu | Tattoo Liva Piercing","isPartOf":{"@id":"https:\/\/tattoolivapiercing.com\/#website"},"datePublished":"2025-12-18T20:30:19+00:00","dateModified":"2026-03-11T16:09:59+00:00","description":"\u0130stanbul\u2019da profesyonel d\u00f6vme ve piercing hizmeti. Hijyenik st\u00fcdyo, deneyimli sanat\u00e7\u0131lar ve \u00f6zel tasar\u0131m uygulamalar i\u00e7in Tattoo Liva Piercing\u2019i ke\u015ffedin.","breadcrumb":{"@id":"https:\/\/tattoolivapiercing.com\/#breadcrumb"},"inLanguage":"tr","potentialAction":[{"@type":"ReadAction","target":["https:\/\/tattoolivapiercing.com\/"]}]},{"@type":"BreadcrumbList","@id":"https:\/\/tattoolivapiercing.com\/#breadcrumb","itemListElement":[{"@type":"ListItem","position":1,"name":"Anasayfa","item":"https:\/\/tattoolivapiercing.com\/"},{"@type":"ListItem","position":2,"name":"ANASAYFA"}]},{"@type":"WebSite","@id":"https:\/\/tattoolivapiercing.com\/#website","url":"https:\/\/tattoolivapiercing.com\/","name":"Tattoo Liva Piercing","description":"","publisher":{"@id":"https:\/\/tattoolivapiercing.com\/#organization"},"potentialAction":[{"@type":"SearchAction","target":{"@type":"EntryPoint","urlTemplate":"https:\/\/tattoolivapiercing.com\/?s={search_term_string}"},"query-input":{"@type":"PropertyValueSpecification","valueRequired":true,"valueName":"search_term_string"}}],"inLanguage":"tr"},{"@type":"Organization","@id":"https:\/\/tattoolivapiercing.com\/#organization","name":"Tattoo Liva Piercing","url":"https:\/\/tattoolivapiercing.com\/","logo":{"@type":"ImageObject","inLanguage":"tr","@id":"https:\/\/tattoolivapiercing.com\/#\/schema\/logo\/image\/","url":"https:\/\/tattoolivapiercing.com\/wp-content\/uploads\/2025\/12\/DFSGDSFGDFSG-Photoroom.png","contentUrl":"https:\/\/tattoolivapiercing.com\/wp-content\/uploads\/2025\/12\/DFSGDSFGDFSG-Photoroom.png","width":1280,"height":426,"caption":"Tattoo Liva Piercing"},"image":{"@id":"https:\/\/tattoolivapiercing.com\/#\/schema\/logo\/image\/"}}]}},"jetpack_sharing_enabled":true,"_links":{"self":[{"href":"https:\/\/tattoolivapiercing.com\/index.php?rest_route=\/wp\/v2\/pages\/5","targetHints":{"allow":["GET"]}}],"collection":[{"href":"https:\/\/tattoolivapiercing.com\/index.php?rest_route=\/wp\/v2\/pages"}],"about":[{"href":"https:\/\/tattoolivapiercing.com\/index.php?rest_route=\/wp\/v2\/types\/page"}],"author":[{"embeddable":true,"href":"https:\/\/tattoolivapiercing.com\/index.php?rest_route=\/wp\/v2\/users\/1"}],"replies":[{"embeddable":true,"href":"https:\/\/tattoolivapiercing.com\/index.php?rest_route=%2Fwp%2Fv2%2Fcomments&post=5"}],"version-history":[{"count":47,"href":"https:\/\/tattoolivapiercing.com\/index.php?rest_route=\/wp\/v2\/pages\/5\/revisions"}],"predecessor-version":[{"id":334,"href":"https:\/\/tattoolivapiercing.com\/index.php?rest_route=\/wp\/v2\/pages\/5\/revisions\/334"}],"wp:attachment":[{"href":"https:\/\/tattoolivapiercing.com\/index.php?rest_route=%2Fwp%2Fv2%2Fmedia&parent=5"}],"curies":[{"name":"wp","href":"https:\/\/api.w.org\/{rel}","templated":true}]}}